{"id":24484,"date":"2021-09-29T16:35:20","date_gmt":"2021-09-29T20:35:20","guid":{"rendered":"https:\/\/www.boreades.com\/2021-2022-season\/jouvence-pour-un-roi-fatigue\/"},"modified":"2022-04-05T14:59:28","modified_gmt":"2022-04-05T18:59:28","slug":"jouvence-pour-un-roi-fatigue","status":"publish","type":"page","link":"https:\/\/www.boreades.com\/en\/2021-2022-season\/jouvence-pour-un-roi-fatigue\/","title":{"rendered":"Jouvence pour un Roi fatigu\u00e9"},"content":{"rendered":"<p>[vc_row css_animation=&#8221;&#8221; row_type=&#8221;row&#8221; use_row_as_full_screen_section=&#8221;no&#8221; type=&#8221;full_width&#8221; angled_section=&#8221;no&#8221; text_align=&#8221;left&#8221; background_image_as_pattern=&#8221;without_pattern&#8221;][vc_column]\n\t\t\t\t<p class=\"rs-p-wp-fix\"><\/p>\n\t\t\t\t<sr7-module data-alias=\"roi-fatigue\" data-id=\"23\" id=\"SR7_23_1\" class=\"rs-ov-hidden\" data-version=\"6.7.52\">\n\t\t\t\t\t<sr7-adjuster><\/sr7-adjuster>\n\t\t\t\t\t<sr7-content>\n\t\t\t\t\t\t<sr7-slide id=\"SR7_23_1-63\" data-key=\"63\">\n\t\t\t\t\t\t\t<sr7-txt id=\"SR7_23_1-63-1\" class=\"sr7-layer\">ROI FATIGU\u00c9<\/sr7-txt>\n\t\t\t\t\t\t\t<sr7-txt id=\"SR7_23_1-63-3\" class=\"sr7-layer\">JOUVENCE POUR UN<\/sr7-txt>\n\t\t\t\t\t\t\t<sr7-txt id=\"SR7_23_1-63-4\" class=\"sr7-layer\">APRIL 10 2022, 3 P.M<\/sr7-txt>\n\t\t\t\t\t\t\t<sr7-txt id=\"SR7_23_1-63-5\" class=\"sr7-layer\">JOUVENCE POUR UN<\/sr7-txt>\n\t\t\t\t\t\t\t<sr7-txt id=\"SR7_23_1-63-6\" class=\"sr7-layer\">ROI FATIGU\u00c9<\/sr7-txt>\n\t\t\t\t\t\t\t<sr7-txt id=\"SR7_23_1-63-7\" class=\"sr7-layer\">APRIL 10 2022, 3 P.M<\/sr7-txt>\n\t\t\t\t\t\t<\/sr7-slide>\n\t\t\t\t\t\t<sr7-slide id=\"SR7_23_1-232\" data-key=\"232\">\n\t\t\t\t\t\t<\/sr7-slide>\n\t\t\t\t\t<\/sr7-content>\n\t\t\t\t\t<image_lists style=\"display:none\">\n\t\t\t\t\t\t<img data-src=\"\/\/www.boreades.com\/wp-content\/uploads\/2021\/09\/boreades-saison-2021-2022-JOUVENCE.png\" data-libid=\"24304\" data-lib=\"medialibrary\" title=\"boreades-saison-2021-2022-JOUVENCE\" width=\"0\" height=\"0\" data-dbsrc=\"Ly93d3cuYm9yZWFkZXMuY29tL3dwLWNvbnRlbnQvdXBsb2Fkcy8yMDIxLzA5L2JvcmVhZGVzLXNhaXNvbi0yMDIxLTIwMjItSk9VVkVOQ0UucG5n\"\/>\n\t\t\t\t\t<\/image_lists>\n\t\t\t\t<\/sr7-module>\n\t\t\t\t<script>\n\t\t\t\t\twindow.SR7 ??={};SR7.PMH ??={}; SR7.PMH[\"SR7_23_1\"] = {cn:100,state:false,fn: function() { if (window._tpt!==undefined && window._tpt.prepareModuleHeight !== undefined) {  _tpt.prepareModuleHeight({id:\"SR7_23_1\",el:[900,900,768,960,720],type:'standard',shdw:'0',gh:[900,900,743,565,349],gw:[1240,1240,1024,778,480],vpt:['-200px'],size:{fullWidth:true, fullHeight:true},fho:',10%',mh:'0',onh:0,onw:0,bg:{color:'{\"orig\":\"transparent\",\"type\":\"solid\",\"string\":\"transparent\"}'}});   SR7.PMH[\"SR7_23_1\"].state=true;} else if(SR7.PMH[\"SR7_23_1\"].cn-->0)\tsetTimeout( SR7.PMH[\"SR7_23_1\"].fn,19);}};SR7.PMH[\"SR7_23_1\" ].fn();\n\t\t\t\t<\/script>\n[\/vc_column][\/vc_row][vc_row css_animation=&#8221;&#8221; row_type=&#8221;row&#8221; use_row_as_full_screen_section=&#8221;no&#8221; type=&#8221;grid&#8221; angled_section=&#8221;no&#8221; text_align=&#8221;left&#8221; background_image_as_pattern=&#8221;without_pattern&#8221; z_index=&#8221;&#8221; padding_top=&#8221;64&#8243; padding_bottom=&#8221;64&#8243; background_color=&#8221;#ffffff&#8221;][vc_column width=&#8221;2\/3&#8243;][vc_column_text]<\/p>\n<h1>Jouvence pour un Roi fatigu\u00e9<\/h1>\n<h3>French chamber music from the early 18th century<\/h3>\n<p style=\"text-align: left;\">[vc_separator type=&#8217;transparent&#8217; position=&#8217;left&#8217; color=&#8221; thickness=&#8217;5&#8242; up=&#8221; down=&#8221;]<\/p>\n<h5>Works by Couperin, Marais, Hotteterre, Jacquet de La Guerre, and Boismortier<\/h5>\n<p>As well as being obsessed with his own glory, Louis XIV had three other passions: women, buildings, and music. During his seemingly interminable reign \u2014 it lasted almost 65 years \u2014 the first two passions faded; the first because of the spirit of devotion imposed on the court by Mme de Maintenon, his morganatic wife, the second because of the economic troubles afflicting the kingdom. Music, however, which he had studied in his youth, remained a consolation until his death. He liked his musicians, conversed freely with them, and chose them with care. Couperin wrote his <em>Concerts royaux <\/em>for Louis; Marais was his favorite gambist; and \u00c9lisabeth Jacquet enjoyed his continuing support ever since, as a child prodigy, she wrote her first compositions\u2026[\/vc_column_text][vc_empty_space][icon_text box_type=&#8221;normal&#8221; icon=&#8221;fa-book&#8221; icon_type=&#8221;normal&#8221; icon_position=&#8221;left_from_title&#8221; icon_size=&#8221;fa-lg&#8221; use_custom_icon_size=&#8221;no&#8221; title_tag=&#8221;h5&#8243; separator=&#8221;no&#8221; title=&#8221;Concert program&#8221; icon_color=&#8221;#7d9dce&#8221;]<div  class=\"tatsu-module tatsu-normal-button tatsu-button-wrap align-block block-  tatsu-ic9y1j0xwm2ndojo   \"><a class=\"tatsu-shortcode smallbtn tatsu-button left-icon    bg-animation-none  \" href=\"#\" style= \"\" data-animation=\"fadeIn\"   aria-label=\"\" data-gdpr-atts={} ><\/a><style>.tatsu-ic9y1j0xwm2ndojo.tatsu-normal-button{margin: 4px;}.tatsu-ic9y1j0xwm2ndojo{border-radius: 4px;}<\/style><\/div><div  class=\"tatsu-module tatsu-normal-button tatsu-button-wrap align-block block-  tatsu-ic9y1j0y279qe95g   \"><a class=\"tatsu-shortcode smallbtn tatsu-button left-icon    bg-animation-none  \" href=\"#\" style= \"\" data-animation=\"fadeIn\"   aria-label=\"\" data-gdpr-atts={} ><i class=\"tatsu-icon fa-download\"><\/i><\/a><style>.tatsu-ic9y1j0y279qe95g.tatsu-normal-button{margin: 4px;}.tatsu-ic9y1j0y279qe95g{border-radius: 4px;}<\/style><\/div>[vc_empty_space][\/vc_column][vc_column width=&#8221;1\/3&#8243;][vc_empty_space][icon_text box_type=&#8221;normal&#8221; icon=&#8221;fa-calendar&#8221; icon_type=&#8221;normal&#8221; icon_position=&#8221;left_from_title&#8221; icon_size=&#8221;fa-lg&#8221; use_custom_icon_size=&#8221;no&#8221; title_tag=&#8221;h5&#8243; separator=&#8221;no&#8221; separator_top_margin=&#8221;0&#8243; separator_bottom_margin=&#8221;0&#8243; title=&#8221;Sunday April 10 2022, 3 p.m&#8221; icon_color=&#8221;#7d9dce&#8221;][qode_advanced_pricing_list pricing_items=&#8221;%5B%7B%22item_title%22%3A%22Regular%22%2C%22item_price%22%3A%2240%24%22%7D%2C%7B%22item_title%22%3A%22Senior%22%2C%22item_price%22%3A%2235%24%22%7D%2C%7B%22item_title%22%3A%2230%20years%20and%20younger%22%2C%22item_price%22%3A%2215%24%22%7D%5D&#8221; list_title_tag=&#8221;h5&#8243; line_style=&#8221;dashed&#8221; item_title_tag=&#8221;p&#8221; list_title=&#8221;Tickets&#8221; line_color=&#8221;#000000&#8243;][vc_column_text]<\/p>\n<p style=\"padding-left: 40px;\"><em>On sale at the Conservatoire box office<br \/>\nTaxes and fees included<\/em><\/p>\n<p>[\/vc_column_text][vc_empty_space]<div  class=\"tatsu-module tatsu-normal-button tatsu-button-wrap align-block block-  tatsu-ic9y1j0y42c610c   \"><a class=\"tatsu-shortcode smallbtn tatsu-button left-icon    bg-animation-none  \" href=\"#\" style= \"\" data-animation=\"fadeIn\"   aria-label=\"\" data-gdpr-atts={} ><i class=\"tatsu-icon fa-ticket\"><\/i><\/a><style>.tatsu-ic9y1j0y42c610c .tatsu-button{color: #ffffff ;border-color: #759ed3; }.tatsu-ic9y1j0y42c610c .tatsu-button:hover{color: #ffffff ;border-color: #759ed3; }<\/style><\/div>[vc_empty_space][icon_text box_type=&#8221;normal&#8221; icon=&#8221;fa-map-marker&#8221; icon_type=&#8221;normal&#8221; icon_position=&#8221;left_from_title&#8221; icon_size=&#8221;fa-lg&#8221; use_custom_icon_size=&#8221;no&#8221; title_tag=&#8221;h5&#8243; separator=&#8221;no&#8221; title=&#8221;Address&#8221; icon_color=&#8221;#7d9dce&#8221;][vc_column_text css=&#8221;.vc_custom_1632529159249{margin-top: -35px !important;border-top-width: -35px !important;padding-top: -35px !important;}&#8221;]<\/p>\n<p style=\"padding-left: 40px;\"><u><a href=\"https:\/\/goo.gl\/maps\/wCprHNQBcKuCrPveA\" target=\"_blank\" rel=\"noopener noreferrer\">Salle de concert du Conservatoire<\/a><br \/>\n<\/u>4750 Avenue Henri-Julien<br \/>\nMontr\u00e9al, QC<br \/>\nH2T 2C8<\/p>\n<p>[\/vc_column_text][vc_empty_space height=&#8221;16px&#8221;][\/vc_column][\/vc_row][vc_row css_animation=&#8221;&#8221; row_type=&#8221;row&#8221; use_row_as_full_screen_section=&#8221;no&#8221; type=&#8221;full_width&#8221; angled_section=&#8221;no&#8221; text_align=&#8221;left&#8221; background_image_as_pattern=&#8221;without_pattern&#8221;][vc_column][vc_raw_html]JTNDaWZyYW1lJTIwc3JjJTNEJTIyaHR0cHMlM0ElMkYlMkZjZG4uZmxpcHNuYWNrLmNvbSUyRndpZGdldCUyRnYyJTJGd2lkZ2V0Lmh0bWwlM0ZoYXNoJTNEZDFwYTExejJneCUyMiUyMHdpZHRoJTNEJTIyMTAwJTI1JTIyJTIwaGVpZ2h0JTNEJTIyNDgwJTIyJTIwc2VhbWxlc3MlM0QlMjJzZWFtbGVzcyUyMiUyMHNjcm9sbGluZyUzRCUyMm5vJTIyJTIwZnJhbWVCb3JkZXIlM0QlMjIwJTIyJTIwYWxsb3dGdWxsU2NyZWVuJTIwYWxsb3clM0QlMjJhdXRvcGxheSUyMiUzRSUzQyUyRmlmcmFtZSUzRQ==[\/vc_raw_html][\/vc_column][\/vc_row][vc_row css_animation=&#8221;&#8221; row_type=&#8221;row&#8221; use_row_as_full_screen_section=&#8221;no&#8221; type=&#8221;grid&#8221; angled_section=&#8221;no&#8221; text_align=&#8221;left&#8221; background_image_as_pattern=&#8221;without_pattern&#8221; z_index=&#8221;&#8221; background_color=&#8221;#f0f4f9&#8243; padding_top=&#8221;64&#8243; padding_bottom=&#8221;64&#8243;][vc_column css_animation=&#8221;none&#8221; width=&#8221;1\/3&#8243;][vc_single_image image=&#8221;8102&#8243; img_size=&#8221;&#8221; alignment=&#8221;center&#8221; onclick=&#8221;custom_link&#8221; img_link_target=&#8221;_blank&#8221; qode_css_animation=&#8221;&#8221; qode_hover_animation=&#8221;zoom_in&#8221; link=&#8221;https:\/\/www.boreades.com\/en\/biography\/&#8221;][vc_empty_space][\/vc_column][vc_column width=&#8221;2\/3&#8243;][vc_column_text]<\/p>\n<h2>Les Bor\u00e9ades de Montr\u00e9al<\/h2>\n<h5>EARLY MUSIC ENSEMBLE ON PERIOD INSTRUMENTS<\/h5>\n<p>Founded by Francis Colpron in 1991, Les Bor\u00e9ades focuses on early music. The ensemble has chosen an interpretative approach in keeping with the spirit of the Baroque era, by adhering to the rules of performance practice of the past and playing on period instruments. Critics and audiences alike in Canada and abroad have been unanimous in hailing the group\u2019s energy and spontaneity as well as its theatrical, expressive and elegant playing, indicative of a unique flair for Baroque aesthetics.[\/vc_column_text][vc_empty_space][vc_column_text]<\/p>\n<h6>Francis Colpron,traverso<\/h6>\n<h6>Olivier Brault, violin<\/h6>\n<h6>M\u00e9lisande Corriveau, gamba<\/h6>\n<h6>Jean-Willy Kunz, harpsichord<\/h6>\n<p>[\/vc_column_text][\/vc_column][\/vc_row][vc_row css_animation=&#8221;&#8221; row_type=&#8221;row&#8221; use_row_as_full_screen_section=&#8221;no&#8221; type=&#8221;grid&#8221; angled_section=&#8221;no&#8221; text_align=&#8221;left&#8221; background_image_as_pattern=&#8221;without_pattern&#8221; z_index=&#8221;&#8221; padding_bottom=&#8221;64&#8243; background_color=&#8221;#f0f4f9&#8243;][vc_column][qode_carousel carousel=&#8221;organismes-subventionnaires&#8221; number_of_visible_items=&#8221;&#8221;][\/vc_column][\/vc_row][vc_row row_type=&#8221;parallax&#8221; parallax_content_width=&#8221;full_width&#8221; text_align=&#8221;left&#8221; full_screen_section_height=&#8221;no&#8221;][vc_column][templatera id=&#8221;24474&#8243;][\/vc_column][\/vc_row]<\/p>\n","protected":false},"excerpt":{"rendered":"<p>[vc_row css_animation=&#8221;&#8221; row_type=&#8221;row&#8221; use_row_as_full_screen_section=&#8221;no&#8221; type=&#8221;full_width&#8221; angled_section=&#8221;no&#8221; text_align=&#8221;left&#8221; background_image_as_pattern=&#8221;without_pattern&#8221;][vc_column][\/vc_column][\/vc_row][vc_row css_animation=&#8221;&#8221; row_type=&#8221;row&#8221; use_row_as_full_screen_section=&#8221;no&#8221; type=&#8221;grid&#8221; angled_section=&#8221;no&#8221; text_align=&#8221;left&#8221; background_image_as_pattern=&#8221;without_pattern&#8221; z_index=&#8221;&#8221; padding_top=&#8221;64&#8243; padding_bottom=&#8221;64&#8243; background_color=&#8221;#ffffff&#8221;][vc_column width=&#8221;2\/3&#8243;][vc_column_text] Jouvence pour un Roi fatigu\u00e9 French chamber music from the [&hellip;]<\/p>\n<p><a href=\"https:\/\/www.boreades.com\/en\/2021-2022-season\/jouvence-pour-un-roi-fatigue\/\" class=\"more-link style1-button\">Read More<\/a><\/p>","protected":false},"author":1,"featured_media":0,"parent":24464,"menu_order":0,"comment_status":"closed","ping_status":"closed","template":"full_width.php","meta":{"footnotes":""},"class_list":["post-24484","page","type-page","status-publish","hentry"],"yoast_head":"<!-- This site is optimized with the Yoast SEO plugin v27.3 - https:\/\/yoast.com\/product\/yoast-seo-wordpress\/ -->\n<title>Jouvence pour un Roi fatigu\u00e9 - Les Bor\u00e9ades de Montr\u00e9al<\/title>\n<meta name=\"description\" content=\"As well as being obsessed with his own glory, Louis XIV had three other passions: women, buildings, and music.\" \/>\n<meta name=\"robots\" content=\"index, follow, max-snippet:-1, max-image-preview:large, max-video-preview:-1\" \/>\n<link rel=\"canonical\" href=\"https:\/\/www.boreades.com\/en\/2021-2022-season\/jouvence-pour-un-roi-fatigue\/\" \/>\n<meta property=\"og:locale\" content=\"en_US\" \/>\n<meta property=\"og:type\" content=\"article\" \/>\n<meta property=\"og:title\" content=\"Jouvence pour un Roi fatigu\u00e9 - Les Bor\u00e9ades de Montr\u00e9al\" \/>\n<meta property=\"og:description\" content=\"As well as being obsessed with his own glory, Louis XIV had three other passions: women, buildings, and music.\" \/>\n<meta property=\"og:url\" content=\"https:\/\/www.boreades.com\/en\/2021-2022-season\/jouvence-pour-un-roi-fatigue\/\" \/>\n<meta property=\"og:site_name\" content=\"Les Bor\u00e9ades de Montr\u00e9al\" \/>\n<meta property=\"article:publisher\" content=\"https:\/\/www.facebook.com\/boreades.demontreal\" \/>\n<meta property=\"article:modified_time\" content=\"2022-04-05T18:59:28+00:00\" \/>\n<meta property=\"og:image\" content=\"https:\/\/www.boreades.com\/wp-content\/uploads\/2019\/10\/les-boreades-montreal-orchestre-baroque-web.jpg\" \/>\n\t<meta property=\"og:image:width\" content=\"2048\" \/>\n\t<meta property=\"og:image:height\" content=\"1366\" \/>\n\t<meta property=\"og:image:type\" content=\"image\/jpeg\" \/>\n<meta name=\"twitter:card\" content=\"summary_large_image\" \/>\n<meta name=\"twitter:site\" content=\"@LesBoreades\" \/>\n<meta name=\"twitter:label1\" content=\"Est. reading time\" \/>\n\t<meta name=\"twitter:data1\" content=\"3 minutes\" \/>\n<script type=\"application\/ld+json\" class=\"yoast-schema-graph\">{\"@context\":\"https:\\\/\\\/schema.org\",\"@graph\":[{\"@type\":\"WebPage\",\"@id\":\"https:\\\/\\\/www.boreades.com\\\/en\\\/2021-2022-season\\\/jouvence-pour-un-roi-fatigue\\\/\",\"url\":\"https:\\\/\\\/www.boreades.com\\\/en\\\/2021-2022-season\\\/jouvence-pour-un-roi-fatigue\\\/\",\"name\":\"Jouvence pour un Roi fatigu\u00e9 - Les Bor\u00e9ades de Montr\u00e9al\",\"isPartOf\":{\"@id\":\"https:\\\/\\\/www.boreades.com\\\/en\\\/#website\"},\"datePublished\":\"2021-09-29T20:35:20+00:00\",\"dateModified\":\"2022-04-05T18:59:28+00:00\",\"description\":\"As well as being obsessed with his own glory, Louis XIV had three other passions: women, buildings, and music.\",\"breadcrumb\":{\"@id\":\"https:\\\/\\\/www.boreades.com\\\/en\\\/2021-2022-season\\\/jouvence-pour-un-roi-fatigue\\\/#breadcrumb\"},\"inLanguage\":\"en-US\",\"potentialAction\":[{\"@type\":\"ReadAction\",\"target\":[\"https:\\\/\\\/www.boreades.com\\\/en\\\/2021-2022-season\\\/jouvence-pour-un-roi-fatigue\\\/\"]}]},{\"@type\":\"BreadcrumbList\",\"@id\":\"https:\\\/\\\/www.boreades.com\\\/en\\\/2021-2022-season\\\/jouvence-pour-un-roi-fatigue\\\/#breadcrumb\",\"itemListElement\":[{\"@type\":\"ListItem\",\"position\":1,\"name\":\"Accueil\",\"item\":\"https:\\\/\\\/www.boreades.com\\\/en\\\/\"},{\"@type\":\"ListItem\",\"position\":2,\"name\":\"2021-2022 season\",\"item\":\"https:\\\/\\\/www.boreades.com\\\/en\\\/2021-2022-season\\\/\"},{\"@type\":\"ListItem\",\"position\":3,\"name\":\"Jouvence pour un Roi fatigu\u00e9\"}]},{\"@type\":\"WebSite\",\"@id\":\"https:\\\/\\\/www.boreades.com\\\/en\\\/#website\",\"url\":\"https:\\\/\\\/www.boreades.com\\\/en\\\/\",\"name\":\"Les Bor\u00e9ades de Montr\u00e9al\",\"description\":\"C&#039;est baroque\",\"publisher\":{\"@id\":\"https:\\\/\\\/www.boreades.com\\\/en\\\/#organization\"},\"potentialAction\":[{\"@type\":\"SearchAction\",\"target\":{\"@type\":\"EntryPoint\",\"urlTemplate\":\"https:\\\/\\\/www.boreades.com\\\/en\\\/?s={search_term_string}\"},\"query-input\":{\"@type\":\"PropertyValueSpecification\",\"valueRequired\":true,\"valueName\":\"search_term_string\"}}],\"inLanguage\":\"en-US\"},{\"@type\":\"Organization\",\"@id\":\"https:\\\/\\\/www.boreades.com\\\/en\\\/#organization\",\"name\":\"Les Bor\u00e9ades de Montr\u00e9al\",\"url\":\"https:\\\/\\\/www.boreades.com\\\/en\\\/\",\"logo\":{\"@type\":\"ImageObject\",\"inLanguage\":\"en-US\",\"@id\":\"https:\\\/\\\/www.boreades.com\\\/en\\\/#\\\/schema\\\/logo\\\/image\\\/\",\"url\":\"https:\\\/\\\/www.boreades.com\\\/wp-content\\\/uploads\\\/2019\\\/05\\\/les-boreades-montreal-orchestre-1200x800.jpg\",\"contentUrl\":\"https:\\\/\\\/www.boreades.com\\\/wp-content\\\/uploads\\\/2019\\\/05\\\/les-boreades-montreal-orchestre-1200x800.jpg\",\"width\":1200,\"height\":800,\"caption\":\"Les Bor\u00e9ades de Montr\u00e9al\"},\"image\":{\"@id\":\"https:\\\/\\\/www.boreades.com\\\/en\\\/#\\\/schema\\\/logo\\\/image\\\/\"},\"sameAs\":[\"https:\\\/\\\/www.facebook.com\\\/boreades.demontreal\",\"https:\\\/\\\/x.com\\\/LesBoreades\",\"https:\\\/\\\/www.youtube.com\\\/user\\\/BoreadesDeMontreal\",\"https:\\\/\\\/fr.wikipedia.org\\\/wiki\\\/Les_Bor\u00e9ades_de_Montr\u00e9al\"]}]}<\/script>\n<!-- \/ Yoast SEO plugin. -->","yoast_head_json":{"title":"Jouvence pour un Roi fatigu\u00e9 - Les Bor\u00e9ades de Montr\u00e9al","description":"As well as being obsessed with his own glory, Louis XIV had three other passions: women, buildings, and music.","robots":{"index":"index","follow":"follow","max-snippet":"max-snippet:-1","max-image-preview":"max-image-preview:large","max-video-preview":"max-video-preview:-1"},"canonical":"https:\/\/www.boreades.com\/en\/2021-2022-season\/jouvence-pour-un-roi-fatigue\/","og_locale":"en_US","og_type":"article","og_title":"Jouvence pour un Roi fatigu\u00e9 - Les Bor\u00e9ades de Montr\u00e9al","og_description":"As well as being obsessed with his own glory, Louis XIV had three other passions: women, buildings, and music.","og_url":"https:\/\/www.boreades.com\/en\/2021-2022-season\/jouvence-pour-un-roi-fatigue\/","og_site_name":"Les Bor\u00e9ades de Montr\u00e9al","article_publisher":"https:\/\/www.facebook.com\/boreades.demontreal","article_modified_time":"2022-04-05T18:59:28+00:00","og_image":[{"width":2048,"height":1366,"url":"https:\/\/www.boreades.com\/wp-content\/uploads\/2019\/10\/les-boreades-montreal-orchestre-baroque-web.jpg","type":"image\/jpeg"}],"twitter_card":"summary_large_image","twitter_site":"@LesBoreades","twitter_misc":{"Est. reading time":"3 minutes"},"schema":{"@context":"https:\/\/schema.org","@graph":[{"@type":"WebPage","@id":"https:\/\/www.boreades.com\/en\/2021-2022-season\/jouvence-pour-un-roi-fatigue\/","url":"https:\/\/www.boreades.com\/en\/2021-2022-season\/jouvence-pour-un-roi-fatigue\/","name":"Jouvence pour un Roi fatigu\u00e9 - Les Bor\u00e9ades de Montr\u00e9al","isPartOf":{"@id":"https:\/\/www.boreades.com\/en\/#website"},"datePublished":"2021-09-29T20:35:20+00:00","dateModified":"2022-04-05T18:59:28+00:00","description":"As well as being obsessed with his own glory, Louis XIV had three other passions: women, buildings, and music.","breadcrumb":{"@id":"https:\/\/www.boreades.com\/en\/2021-2022-season\/jouvence-pour-un-roi-fatigue\/#breadcrumb"},"inLanguage":"en-US","potentialAction":[{"@type":"ReadAction","target":["https:\/\/www.boreades.com\/en\/2021-2022-season\/jouvence-pour-un-roi-fatigue\/"]}]},{"@type":"BreadcrumbList","@id":"https:\/\/www.boreades.com\/en\/2021-2022-season\/jouvence-pour-un-roi-fatigue\/#breadcrumb","itemListElement":[{"@type":"ListItem","position":1,"name":"Accueil","item":"https:\/\/www.boreades.com\/en\/"},{"@type":"ListItem","position":2,"name":"2021-2022 season","item":"https:\/\/www.boreades.com\/en\/2021-2022-season\/"},{"@type":"ListItem","position":3,"name":"Jouvence pour un Roi fatigu\u00e9"}]},{"@type":"WebSite","@id":"https:\/\/www.boreades.com\/en\/#website","url":"https:\/\/www.boreades.com\/en\/","name":"Les Bor\u00e9ades de Montr\u00e9al","description":"C&#039;est baroque","publisher":{"@id":"https:\/\/www.boreades.com\/en\/#organization"},"potentialAction":[{"@type":"SearchAction","target":{"@type":"EntryPoint","urlTemplate":"https:\/\/www.boreades.com\/en\/?s={search_term_string}"},"query-input":{"@type":"PropertyValueSpecification","valueRequired":true,"valueName":"search_term_string"}}],"inLanguage":"en-US"},{"@type":"Organization","@id":"https:\/\/www.boreades.com\/en\/#organization","name":"Les Bor\u00e9ades de Montr\u00e9al","url":"https:\/\/www.boreades.com\/en\/","logo":{"@type":"ImageObject","inLanguage":"en-US","@id":"https:\/\/www.boreades.com\/en\/#\/schema\/logo\/image\/","url":"https:\/\/www.boreades.com\/wp-content\/uploads\/2019\/05\/les-boreades-montreal-orchestre-1200x800.jpg","contentUrl":"https:\/\/www.boreades.com\/wp-content\/uploads\/2019\/05\/les-boreades-montreal-orchestre-1200x800.jpg","width":1200,"height":800,"caption":"Les Bor\u00e9ades de Montr\u00e9al"},"image":{"@id":"https:\/\/www.boreades.com\/en\/#\/schema\/logo\/image\/"},"sameAs":["https:\/\/www.facebook.com\/boreades.demontreal","https:\/\/x.com\/LesBoreades","https:\/\/www.youtube.com\/user\/BoreadesDeMontreal","https:\/\/fr.wikipedia.org\/wiki\/Les_Bor\u00e9ades_de_Montr\u00e9al"]}]}},"_links":{"self":[{"href":"https:\/\/www.boreades.com\/en\/wp-json\/wp\/v2\/pages\/24484","targetHints":{"allow":["GET"]}}],"collection":[{"href":"https:\/\/www.boreades.com\/en\/wp-json\/wp\/v2\/pages"}],"about":[{"href":"https:\/\/www.boreades.com\/en\/wp-json\/wp\/v2\/types\/page"}],"author":[{"embeddable":true,"href":"https:\/\/www.boreades.com\/en\/wp-json\/wp\/v2\/users\/1"}],"replies":[{"embeddable":true,"href":"https:\/\/www.boreades.com\/en\/wp-json\/wp\/v2\/comments?post=24484"}],"version-history":[{"count":11,"href":"https:\/\/www.boreades.com\/en\/wp-json\/wp\/v2\/pages\/24484\/revisions"}],"predecessor-version":[{"id":24490,"href":"https:\/\/www.boreades.com\/en\/wp-json\/wp\/v2\/pages\/24484\/revisions\/24490"}],"up":[{"embeddable":true,"href":"https:\/\/www.boreades.com\/en\/wp-json\/wp\/v2\/pages\/24464"}],"wp:attachment":[{"href":"https:\/\/www.boreades.com\/en\/wp-json\/wp\/v2\/media?parent=24484"}],"curies":[{"name":"wp","href":"https:\/\/api.w.org\/{rel}","templated":true}]}}