{"id":3442,"date":"2015-11-07T17:04:49","date_gmt":"2015-11-07T22:04:49","guid":{"rendered":"https:\/\/www.boreades.com\/en\/presenters\/chaconnes-et-passacailles\/"},"modified":"2019-11-11T11:47:46","modified_gmt":"2019-11-11T16:47:46","slug":"chaconnes-and-passacaglias","status":"publish","type":"page","link":"https:\/\/www.boreades.com\/en\/diffuseurs\/chaconnes-and-passacaglias\/","title":{"rendered":"Chaconnes and Passacaglias"},"content":{"rendered":"<p>[vc_row css_animation=&#8221;&#8221; row_type=&#8221;row&#8221; use_row_as_full_screen_section=&#8221;no&#8221; type=&#8221;grid&#8221; angled_section=&#8221;no&#8221; text_align=&#8221;left&#8221; background_image_as_pattern=&#8221;without_pattern&#8221; z_index=&#8221;&#8221; padding_top=&#8221;64&#8243; padding_bottom=&#8221;64&#8243;][vc_column width=&#8221;1\/3&#8243;][vc_column_text]<\/p>\n<h2>CHACONNES\u00a0AND PASSACAGLIAS<\/h2>\n<h3>PROGRAM FOR 4 MUSICIANS<\/h3>\n<p>&nbsp;<\/p>\n<h5><strong>JEAN-MARIE LECLAIR<\/strong>\u00a0(1697-1764)<\/h5>\n<p>Chaconne<br \/>\nfor traverso, violin, and basso continuo<\/p>\n<h5>HEINRICH IGNAZ FRANZ BIBER (1644-1704)<\/h5>\n<p>Passacaille from the Sonates du Rosaire<br \/>\nfor solo violin<\/p>\n<h5><strong>HENRY PURCELL<\/strong>\u00a0(1659-1695)<\/h5>\n<p>Sonatas in Four Parts, No. 6 (Z.807)<br \/>\nfor recorder, violin, and basso continuo<\/p>\n<h5><strong>LOUIS COUPERIN\u00a0<\/strong>(V.1626-1661)<\/h5>\n<p>Grande passacaille in C major<br \/>\nsolo harpsichord<\/p>\n<h5><strong>GEORGE FRIDERIC HANDEL\u00a0<\/strong>(1685-1759)<\/h5>\n<p>Sinfonia and suite of arias from the opra\u00a0<em>Acis and Galatea<\/em>,<br \/>\nplayed on recorders, violin, and basso continuo<\/p>\n<p><em>Sinfonia<br \/>\nAria: O ruddier than the cherry<br \/>\nAria: Would you gain the tender creature<br \/>\nAria: Heart, the seat of soft delight<br \/>\nAria: Galatea, dry thy tears<\/em><\/p>\n<p>&nbsp;<\/p>\n<h5><strong>\u2014 INTERMISSION \u2014<\/strong><\/h5>\n<p>&nbsp;<\/p>\n<h5><strong>MARIN MARAIS<\/strong>\u00a0(1656-1728)<\/h5>\n<p>Suite No. 2 in G minor<br \/>\nfor traverso, violin, viola da gamba, and basso continuo<br \/>\nPr\u00e9lude-Fantaisie-Rondeau-Menuet-Plainte-Passacaille<\/p>\n<h5><strong>GEORG PHILIPP TELEMANN<\/strong>\u00a0(1681-1767)<\/h5>\n<p>Quartet No.6 in E minor<br \/>\nfor traverso, violin, viola da gamba and basso continuo<br \/>\nPr\u00e9lude-Gai-Vite-Gracieusement-Distrait-Mod\u00e9r\u00e9[\/vc_column_text][vc_separator type=&#8221;transparent&#8221; thickness=&#8221;15&#8243;][\/vc_column][vc_column width=&#8221;1\/3&#8243;][vc_column_text]<\/p>\n<h2>Downloads<\/h2>\n<p>&nbsp;<\/p>\n<p><div  class=\"tatsu-module tatsu-normal-button tatsu-button-wrap align-block block-  tatsu-icb0wg93yy9yjroq   \"><a class=\"tatsu-shortcode smallbtn tatsu-button left-icon    bg-animation-none  \" href=\"#\" style= \"\" data-animation=\"fadeIn\"   aria-label=\"\" data-gdpr-atts={} ><\/a><style>.tatsu-icb0wg93yy9yjroq.tatsu-normal-button{margin: 5px;}<\/style><\/div> <div  class=\"tatsu-module tatsu-normal-button tatsu-button-wrap align-block block-  tatsu-icb0wg944717rv22   \"><a class=\"tatsu-shortcode smallbtn tatsu-button left-icon    bg-animation-none  \" href=\"#\" style= \"\" data-animation=\"fadeIn\"   aria-label=\"\" data-gdpr-atts={} ><\/a><style>.tatsu-icb0wg944717rv22.tatsu-normal-button{margin: 5px;}<\/style><\/div>[\/vc_column_text][vc_separator type=&#8221;transparent&#8221; thickness=&#8221;15&#8243;][vc_gallery type=&#8221;flexslider_slide&#8221; interval=&#8221;3&#8243; images=&#8221;1027,1026,1025,1024,1023,1022,1021,1017,1016,1015,1013,1012&#8243; img_size=&#8221;full&#8221;][vc_separator type=&#8221;transparent&#8221; thickness=&#8221;15&#8243;][\/vc_column][vc_column width=&#8221;1\/3&#8243;][vc_widget_sidebar sidebar_id=&#8221;Espace diffuseurs&#8221;][\/vc_column][\/vc_row][vc_row css_animation=&#8221;&#8221; row_type=&#8221;row&#8221; use_row_as_full_screen_section=&#8221;no&#8221; type=&#8221;full_width&#8221; angled_section=&#8221;no&#8221; text_align=&#8221;left&#8221; background_image_as_pattern=&#8221;without_pattern&#8221;][vc_column][templatera id=&#8221;14642&#8243;][\/vc_column][\/vc_row]<\/p>\n","protected":false},"excerpt":{"rendered":"<p>[vc_row css_animation=&#8221;&#8221; row_type=&#8221;row&#8221; use_row_as_full_screen_section=&#8221;no&#8221; type=&#8221;grid&#8221; angled_section=&#8221;no&#8221; text_align=&#8221;left&#8221; background_image_as_pattern=&#8221;without_pattern&#8221; z_index=&#8221;&#8221; padding_top=&#8221;64&#8243; padding_bottom=&#8221;64&#8243;][vc_column width=&#8221;1\/3&#8243;][vc_column_text] CHACONNES\u00a0AND PASSACAGLIAS PROGRAM FOR 4 MUSICIANS &nbsp; JEAN-MARIE LECLAIR\u00a0(1697-1764) Chaconne for traverso, violin, and basso continuo HEINRICH IGNAZ [&hellip;]<\/p>\n<p><a href=\"https:\/\/www.boreades.com\/en\/diffuseurs\/chaconnes-and-passacaglias\/\" class=\"more-link style1-button\">Read More<\/a><\/p>","protected":false},"author":5,"featured_media":0,"parent":3420,"menu_order":0,"comment_status":"closed","ping_status":"closed","template":"full_width.php","meta":{"footnotes":""},"class_list":["post-3442","page","type-page","status-publish","hentry"],"yoast_head":"<!-- This site is optimized with the Yoast SEO plugin v27.3 - https:\/\/yoast.com\/product\/yoast-seo-wordpress\/ -->\n<title>Chaconnes and Passacaglias - Les Bor\u00e9ades de Montr\u00e9al<\/title>\n<meta name=\"robots\" content=\"index, follow, max-snippet:-1, max-image-preview:large, max-video-preview:-1\" \/>\n<link rel=\"canonical\" href=\"https:\/\/www.boreades.com\/en\/diffuseurs\/chaconnes-and-passacaglias\/\" \/>\n<meta property=\"og:locale\" content=\"en_US\" \/>\n<meta property=\"og:type\" content=\"article\" \/>\n<meta property=\"og:title\" content=\"Chaconnes and Passacaglias - Les Bor\u00e9ades de Montr\u00e9al\" \/>\n<meta property=\"og:description\" content=\"[vc_row css_animation=&#8221;&#8221; row_type=&#8221;row&#8221; use_row_as_full_screen_section=&#8221;no&#8221; type=&#8221;grid&#8221; angled_section=&#8221;no&#8221; text_align=&#8221;left&#8221; background_image_as_pattern=&#8221;without_pattern&#8221; z_index=&#8221;&#8221; padding_top=&#8221;64&#8243; padding_bottom=&#8221;64&#8243;][vc_column width=&#8221;1\/3&#8243;][vc_column_text] CHACONNES\u00a0AND PASSACAGLIAS PROGRAM FOR 4 MUSICIANS &nbsp; JEAN-MARIE LECLAIR\u00a0(1697-1764) Chaconne for traverso, violin, and basso continuo HEINRICH IGNAZ [&hellip;]\" \/>\n<meta property=\"og:url\" content=\"https:\/\/www.boreades.com\/en\/diffuseurs\/chaconnes-and-passacaglias\/\" \/>\n<meta property=\"og:site_name\" content=\"Les Bor\u00e9ades de Montr\u00e9al\" \/>\n<meta property=\"article:publisher\" content=\"https:\/\/www.facebook.com\/boreades.demontreal\" \/>\n<meta property=\"article:modified_time\" content=\"2019-11-11T16:47:46+00:00\" \/>\n<meta property=\"og:image\" content=\"https:\/\/www.boreades.com\/wp-content\/uploads\/2019\/10\/les-boreades-montreal-orchestre-baroque-web.jpg\" \/>\n\t<meta property=\"og:image:width\" content=\"2048\" \/>\n\t<meta property=\"og:image:height\" content=\"1366\" \/>\n\t<meta property=\"og:image:type\" content=\"image\/jpeg\" \/>\n<meta name=\"twitter:card\" content=\"summary_large_image\" \/>\n<meta name=\"twitter:site\" content=\"@LesBoreades\" \/>\n<meta name=\"twitter:label1\" content=\"Est. reading time\" \/>\n\t<meta name=\"twitter:data1\" content=\"2 minutes\" \/>\n<script type=\"application\/ld+json\" class=\"yoast-schema-graph\">{\"@context\":\"https:\\\/\\\/schema.org\",\"@graph\":[{\"@type\":\"WebPage\",\"@id\":\"https:\\\/\\\/www.boreades.com\\\/en\\\/diffuseurs\\\/chaconnes-and-passacaglias\\\/\",\"url\":\"https:\\\/\\\/www.boreades.com\\\/en\\\/diffuseurs\\\/chaconnes-and-passacaglias\\\/\",\"name\":\"Chaconnes and Passacaglias - Les Bor\u00e9ades de Montr\u00e9al\",\"isPartOf\":{\"@id\":\"https:\\\/\\\/www.boreades.com\\\/en\\\/#website\"},\"datePublished\":\"2015-11-07T22:04:49+00:00\",\"dateModified\":\"2019-11-11T16:47:46+00:00\",\"breadcrumb\":{\"@id\":\"https:\\\/\\\/www.boreades.com\\\/en\\\/diffuseurs\\\/chaconnes-and-passacaglias\\\/#breadcrumb\"},\"inLanguage\":\"en-US\",\"potentialAction\":[{\"@type\":\"ReadAction\",\"target\":[\"https:\\\/\\\/www.boreades.com\\\/en\\\/diffuseurs\\\/chaconnes-and-passacaglias\\\/\"]}]},{\"@type\":\"BreadcrumbList\",\"@id\":\"https:\\\/\\\/www.boreades.com\\\/en\\\/diffuseurs\\\/chaconnes-and-passacaglias\\\/#breadcrumb\",\"itemListElement\":[{\"@type\":\"ListItem\",\"position\":1,\"name\":\"Accueil\",\"item\":\"https:\\\/\\\/www.boreades.com\\\/en\\\/\"},{\"@type\":\"ListItem\",\"position\":2,\"name\":\"Diffuseurs\",\"item\":\"https:\\\/\\\/www.boreades.com\\\/en\\\/diffuseurs\\\/\"},{\"@type\":\"ListItem\",\"position\":3,\"name\":\"Chaconnes and Passacaglias\"}]},{\"@type\":\"WebSite\",\"@id\":\"https:\\\/\\\/www.boreades.com\\\/en\\\/#website\",\"url\":\"https:\\\/\\\/www.boreades.com\\\/en\\\/\",\"name\":\"Les Bor\u00e9ades de Montr\u00e9al\",\"description\":\"C&#039;est baroque\",\"publisher\":{\"@id\":\"https:\\\/\\\/www.boreades.com\\\/en\\\/#organization\"},\"potentialAction\":[{\"@type\":\"SearchAction\",\"target\":{\"@type\":\"EntryPoint\",\"urlTemplate\":\"https:\\\/\\\/www.boreades.com\\\/en\\\/?s={search_term_string}\"},\"query-input\":{\"@type\":\"PropertyValueSpecification\",\"valueRequired\":true,\"valueName\":\"search_term_string\"}}],\"inLanguage\":\"en-US\"},{\"@type\":\"Organization\",\"@id\":\"https:\\\/\\\/www.boreades.com\\\/en\\\/#organization\",\"name\":\"Les Bor\u00e9ades de Montr\u00e9al\",\"url\":\"https:\\\/\\\/www.boreades.com\\\/en\\\/\",\"logo\":{\"@type\":\"ImageObject\",\"inLanguage\":\"en-US\",\"@id\":\"https:\\\/\\\/www.boreades.com\\\/en\\\/#\\\/schema\\\/logo\\\/image\\\/\",\"url\":\"https:\\\/\\\/www.boreades.com\\\/wp-content\\\/uploads\\\/2019\\\/05\\\/les-boreades-montreal-orchestre-1200x800.jpg\",\"contentUrl\":\"https:\\\/\\\/www.boreades.com\\\/wp-content\\\/uploads\\\/2019\\\/05\\\/les-boreades-montreal-orchestre-1200x800.jpg\",\"width\":1200,\"height\":800,\"caption\":\"Les Bor\u00e9ades de Montr\u00e9al\"},\"image\":{\"@id\":\"https:\\\/\\\/www.boreades.com\\\/en\\\/#\\\/schema\\\/logo\\\/image\\\/\"},\"sameAs\":[\"https:\\\/\\\/www.facebook.com\\\/boreades.demontreal\",\"https:\\\/\\\/x.com\\\/LesBoreades\",\"https:\\\/\\\/www.youtube.com\\\/user\\\/BoreadesDeMontreal\",\"https:\\\/\\\/fr.wikipedia.org\\\/wiki\\\/Les_Bor\u00e9ades_de_Montr\u00e9al\"]}]}<\/script>\n<!-- \/ Yoast SEO plugin. -->","yoast_head_json":{"title":"Chaconnes and Passacaglias - Les Bor\u00e9ades de Montr\u00e9al","robots":{"index":"index","follow":"follow","max-snippet":"max-snippet:-1","max-image-preview":"max-image-preview:large","max-video-preview":"max-video-preview:-1"},"canonical":"https:\/\/www.boreades.com\/en\/diffuseurs\/chaconnes-and-passacaglias\/","og_locale":"en_US","og_type":"article","og_title":"Chaconnes and Passacaglias - Les Bor\u00e9ades de Montr\u00e9al","og_description":"[vc_row css_animation=&#8221;&#8221; row_type=&#8221;row&#8221; use_row_as_full_screen_section=&#8221;no&#8221; type=&#8221;grid&#8221; angled_section=&#8221;no&#8221; text_align=&#8221;left&#8221; background_image_as_pattern=&#8221;without_pattern&#8221; z_index=&#8221;&#8221; padding_top=&#8221;64&#8243; padding_bottom=&#8221;64&#8243;][vc_column width=&#8221;1\/3&#8243;][vc_column_text] CHACONNES\u00a0AND PASSACAGLIAS PROGRAM FOR 4 MUSICIANS &nbsp; JEAN-MARIE LECLAIR\u00a0(1697-1764) Chaconne for traverso, violin, and basso continuo HEINRICH IGNAZ [&hellip;]","og_url":"https:\/\/www.boreades.com\/en\/diffuseurs\/chaconnes-and-passacaglias\/","og_site_name":"Les Bor\u00e9ades de Montr\u00e9al","article_publisher":"https:\/\/www.facebook.com\/boreades.demontreal","article_modified_time":"2019-11-11T16:47:46+00:00","og_image":[{"width":2048,"height":1366,"url":"https:\/\/www.boreades.com\/wp-content\/uploads\/2019\/10\/les-boreades-montreal-orchestre-baroque-web.jpg","type":"image\/jpeg"}],"twitter_card":"summary_large_image","twitter_site":"@LesBoreades","twitter_misc":{"Est. reading time":"2 minutes"},"schema":{"@context":"https:\/\/schema.org","@graph":[{"@type":"WebPage","@id":"https:\/\/www.boreades.com\/en\/diffuseurs\/chaconnes-and-passacaglias\/","url":"https:\/\/www.boreades.com\/en\/diffuseurs\/chaconnes-and-passacaglias\/","name":"Chaconnes and Passacaglias - Les Bor\u00e9ades de Montr\u00e9al","isPartOf":{"@id":"https:\/\/www.boreades.com\/en\/#website"},"datePublished":"2015-11-07T22:04:49+00:00","dateModified":"2019-11-11T16:47:46+00:00","breadcrumb":{"@id":"https:\/\/www.boreades.com\/en\/diffuseurs\/chaconnes-and-passacaglias\/#breadcrumb"},"inLanguage":"en-US","potentialAction":[{"@type":"ReadAction","target":["https:\/\/www.boreades.com\/en\/diffuseurs\/chaconnes-and-passacaglias\/"]}]},{"@type":"BreadcrumbList","@id":"https:\/\/www.boreades.com\/en\/diffuseurs\/chaconnes-and-passacaglias\/#breadcrumb","itemListElement":[{"@type":"ListItem","position":1,"name":"Accueil","item":"https:\/\/www.boreades.com\/en\/"},{"@type":"ListItem","position":2,"name":"Diffuseurs","item":"https:\/\/www.boreades.com\/en\/diffuseurs\/"},{"@type":"ListItem","position":3,"name":"Chaconnes and Passacaglias"}]},{"@type":"WebSite","@id":"https:\/\/www.boreades.com\/en\/#website","url":"https:\/\/www.boreades.com\/en\/","name":"Les Bor\u00e9ades de Montr\u00e9al","description":"C&#039;est baroque","publisher":{"@id":"https:\/\/www.boreades.com\/en\/#organization"},"potentialAction":[{"@type":"SearchAction","target":{"@type":"EntryPoint","urlTemplate":"https:\/\/www.boreades.com\/en\/?s={search_term_string}"},"query-input":{"@type":"PropertyValueSpecification","valueRequired":true,"valueName":"search_term_string"}}],"inLanguage":"en-US"},{"@type":"Organization","@id":"https:\/\/www.boreades.com\/en\/#organization","name":"Les Bor\u00e9ades de Montr\u00e9al","url":"https:\/\/www.boreades.com\/en\/","logo":{"@type":"ImageObject","inLanguage":"en-US","@id":"https:\/\/www.boreades.com\/en\/#\/schema\/logo\/image\/","url":"https:\/\/www.boreades.com\/wp-content\/uploads\/2019\/05\/les-boreades-montreal-orchestre-1200x800.jpg","contentUrl":"https:\/\/www.boreades.com\/wp-content\/uploads\/2019\/05\/les-boreades-montreal-orchestre-1200x800.jpg","width":1200,"height":800,"caption":"Les Bor\u00e9ades de Montr\u00e9al"},"image":{"@id":"https:\/\/www.boreades.com\/en\/#\/schema\/logo\/image\/"},"sameAs":["https:\/\/www.facebook.com\/boreades.demontreal","https:\/\/x.com\/LesBoreades","https:\/\/www.youtube.com\/user\/BoreadesDeMontreal","https:\/\/fr.wikipedia.org\/wiki\/Les_Bor\u00e9ades_de_Montr\u00e9al"]}]}},"_links":{"self":[{"href":"https:\/\/www.boreades.com\/en\/wp-json\/wp\/v2\/pages\/3442","targetHints":{"allow":["GET"]}}],"collection":[{"href":"https:\/\/www.boreades.com\/en\/wp-json\/wp\/v2\/pages"}],"about":[{"href":"https:\/\/www.boreades.com\/en\/wp-json\/wp\/v2\/types\/page"}],"author":[{"embeddable":true,"href":"https:\/\/www.boreades.com\/en\/wp-json\/wp\/v2\/users\/5"}],"replies":[{"embeddable":true,"href":"https:\/\/www.boreades.com\/en\/wp-json\/wp\/v2\/comments?post=3442"}],"version-history":[{"count":12,"href":"https:\/\/www.boreades.com\/en\/wp-json\/wp\/v2\/pages\/3442\/revisions"}],"predecessor-version":[{"id":14646,"href":"https:\/\/www.boreades.com\/en\/wp-json\/wp\/v2\/pages\/3442\/revisions\/14646"}],"up":[{"embeddable":true,"href":"https:\/\/www.boreades.com\/en\/wp-json\/wp\/v2\/pages\/3420"}],"wp:attachment":[{"href":"https:\/\/www.boreades.com\/en\/wp-json\/wp\/v2\/media?parent=3442"}],"curies":[{"name":"wp","href":"https:\/\/api.w.org\/{rel}","templated":true}]}}