{"id":3445,"date":"2015-11-07T17:08:21","date_gmt":"2015-11-07T22:08:21","guid":{"rendered":"https:\/\/www.boreades.com\/en\/presenters\/colpron-solo\/"},"modified":"2019-11-11T11:55:20","modified_gmt":"2019-11-11T16:55:20","slug":"colpron-solo","status":"publish","type":"page","link":"https:\/\/www.boreades.com\/en\/diffuseurs\/colpron-solo\/","title":{"rendered":"Colpron solo"},"content":{"rendered":"<p>[vc_row css_animation=&#8221;&#8221; row_type=&#8221;row&#8221; use_row_as_full_screen_section=&#8221;no&#8221; type=&#8221;grid&#8221; angled_section=&#8221;no&#8221; text_align=&#8221;left&#8221; background_image_as_pattern=&#8221;without_pattern&#8221; z_index=&#8221;&#8221; padding_top=&#8221;64&#8243;][vc_column width=&#8221;1\/6&#8243;][\/vc_column][vc_column width=&#8221;2\/3&#8243;][vc_column_text]<\/p>\n<p style=\"text-align: justify;\">Francis Colpron, directeur artistique de l&#8217;ensemble Les Bor\u00e9ades, interpr\u00e8te \u00e0 la fl\u00fbte \u00e0\u00a0bec des transcriptions d\u2019\u0153uvres virtuoses compos\u00e9es pour le violon au 18e si\u00e8cle.\u00a0Comment arrive-t-il \u00e0 rendre encore plus prodigieuses ces partitions \u00e9crites pour\u00a0l&#8217;instrument du diable?<\/p>\n<p style=\"text-align: justify;\">Francis Colpron ne joue pas les seconds violons, il accorde ses fl\u00fbtes et\u00a0nous transporte dans un univers flamboyant gr\u00e2ce \u00e0\u00a0son brio sans pareil!<\/p>\n<p>[\/vc_column_text][vc_separator type=&#8221;transparent&#8221; thickness=&#8221;35&#8243;][vc_separator type=&#8221;normal&#8221; color=&#8221;#303030&#8243; thickness=&#8221;2&#8243;][vc_separator type=&#8221;transparent&#8221; thickness=&#8221;35&#8243;][\/vc_column][vc_column width=&#8221;1\/6&#8243;][\/vc_column][\/vc_row][vc_row css_animation=&#8221;&#8221; row_type=&#8221;row&#8221; use_row_as_full_screen_section=&#8221;no&#8221; type=&#8221;grid&#8221; angled_section=&#8221;no&#8221; text_align=&#8221;left&#8221; background_image_as_pattern=&#8221;without_pattern&#8221; z_index=&#8221;&#8221; padding_top=&#8221;64&#8243; padding_bottom=&#8221;64&#8243;][vc_column width=&#8221;1\/3&#8243;][vc_column_text]<\/p>\n<div class=\"wpb_text_column wpb_content_element \">\n<div class=\"wpb_wrapper\">\n<h2>COLPRON SENZA BASSO<\/h2>\n<h3>PROGRAM FOR 1 MUSICIAN<br \/>\n(SENZA BASSO : WITH NO BASS)<\/h3>\n<h4>Transcriptions of sonatas and fantasias for solo<\/h4>\n<p>&nbsp;<\/p>\n<h5>GEORG PHILIPP TELEMANN (1681-1767)<\/h5>\n<p style=\"padding-left: 40px;\">Variations sur la Gavotte de la\u00a0<em>Sonate en fa majeur pour violon seul<\/em>, opus 5 no 10<br \/>\n[extraits] (<em>L\u2019Arte dell\u2019arco<\/em>, Paris, 1747, 1758, 1798) [jou\u00e9es en si b\u00e9mol majeur]<\/p>\n<h5>JOHANN SEBASTIAN BACH (1685-1750)<\/h5>\n<p style=\"padding-left: 40px;\">Partita pour traversi\u00e8re seule en la mineur BWV 1013 [jou\u00e9e \u00e0 la fl\u00fbte \u00e0 bec en do mineur] (Coethen, v.1720)<\/p>\n<p style=\"padding-left: 40px;\"><em>Allemande<br \/>\nCorrente<br \/>\nSarabande<br \/>\nBourr\u00e9e anglaise<\/em><\/p>\n<h5>MARIN MARAIS (1656-1728)<\/h5>\n<p style=\"padding-left: 40px;\">Variations sur\u00a0<em>Les folies d\u2019Espagne<\/em>\u00a0pour viole de gambe et basse continue en r\u00e9<br \/>\nmineur [extraits] (\u00a0<em>Pi\u00e8ces de viole, deuxi\u00e8me livre<\/em>\u00a0, Paris, 1701) [jou\u00e9es en si mineur]<\/p>\n<h5>MARKUS ZAHNHAUSEN (N\u00c9 EN 1965)<\/h5>\n<p style=\"padding-left: 40px;\"><em>Minimal Music<\/em>\u00a0(1988)<\/p>\n<h5>DANIEL CAT\u00c0N (1949-2011)<\/h5>\n<p style=\"padding-left: 40px;\"><em>Encantamiento<\/em><br \/>\npour 2 fl\u00fbtes \u00e0 bec alto et un fl\u00fbtiste<\/p>\n<h5>JAN ROKKUS VAN ROOSENDAEL (1960-2005)<\/h5>\n<p style=\"padding-left: 40px;\"><em>Rotations<\/em> (1988)<\/p>\n<\/div>\n<\/div>\n<p>[\/vc_column_text][vc_separator type=&#8221;transparent&#8221; thickness=&#8221;30&#8243;][\/vc_column][vc_column width=&#8221;1\/3&#8243;][vc_column_text]<\/p>\n<h2>Downloads<\/h2>\n<p>&nbsp;<\/p>\n<p><div  class=\"tatsu-module tatsu-normal-button tatsu-button-wrap align-block block-  tatsu-icb0ws59vb598sl   \"><a class=\"tatsu-shortcode smallbtn tatsu-button left-icon    bg-animation-none  \" href=\"#\" style= \"\" data-animation=\"fadeIn\"   aria-label=\"\" data-gdpr-atts={} ><\/a><style>.tatsu-icb0ws59vb598sl.tatsu-normal-button{margin: 5px;}<\/style><\/div> <div  class=\"tatsu-module tatsu-normal-button tatsu-button-wrap align-block block-  tatsu-icb0ws5a0pdhuwkk   \"><a class=\"tatsu-shortcode smallbtn tatsu-button left-icon    bg-animation-none  \" href=\"#\" style= \"\" data-animation=\"fadeIn\"   aria-label=\"\" data-gdpr-atts={} ><\/a><style>.tatsu-icb0ws5a0pdhuwkk.tatsu-normal-button{margin: 5px;}<\/style><\/div>[\/vc_column_text][vc_separator type=&#8221;transparent&#8221; thickness=&#8221;15&#8243;][vc_gallery type=&#8221;flexslider_slide&#8221; interval=&#8221;3&#8243; images=&#8221;669,670&#8243; img_size=&#8221;full&#8221;][vc_separator type=&#8221;transparent&#8221; thickness=&#8221;15&#8243;][vc_column_text]<iframe data-src=\"https:\/\/w.soundcloud.com\/player\/?url=https%3A\/\/api.soundcloud.com\/tracks\/170504170&amp;color=357979&amp;auto_play=false&amp;hide_related=false&amp;show_comments=true&amp;show_user=true&amp;show_reposts=false\" width=\"100%\" height=\"166\" frameborder=\"no\" scrolling=\"no\" src=\"data:image\/svg+xml;base64,PHN2ZyB3aWR0aD0iMSIgaGVpZ2h0PSIxIiB4bWxucz0iaHR0cDovL3d3dy53My5vcmcvMjAwMC9zdmciPjwvc3ZnPg==\" class=\"lazyload\" data-load-mode=\"1\"><\/iframe>[\/vc_column_text][vc_separator type=&#8221;transparent&#8221; thickness=&#8221;15&#8243;][\/vc_column][vc_column width=&#8221;1\/3&#8243;][vc_widget_sidebar sidebar_id=&#8221;Espace diffuseurs&#8221;][\/vc_column][\/vc_row][vc_row css_animation=&#8221;&#8221; row_type=&#8221;row&#8221; use_row_as_full_screen_section=&#8221;no&#8221; type=&#8221;full_width&#8221; angled_section=&#8221;no&#8221; text_align=&#8221;left&#8221; background_image_as_pattern=&#8221;without_pattern&#8221;][vc_column][templatera id=&#8221;14642&#8243;][\/vc_column][\/vc_row]<\/p>\n","protected":false},"excerpt":{"rendered":"<p>[vc_row css_animation=&#8221;&#8221; row_type=&#8221;row&#8221; use_row_as_full_screen_section=&#8221;no&#8221; type=&#8221;grid&#8221; angled_section=&#8221;no&#8221; text_align=&#8221;left&#8221; background_image_as_pattern=&#8221;without_pattern&#8221; z_index=&#8221;&#8221; padding_top=&#8221;64&#8243;][vc_column width=&#8221;1\/6&#8243;][\/vc_column][vc_column width=&#8221;2\/3&#8243;][vc_column_text] Francis Colpron, directeur artistique de l&#8217;ensemble Les Bor\u00e9ades, interpr\u00e8te \u00e0 la fl\u00fbte \u00e0\u00a0bec des transcriptions d\u2019\u0153uvres virtuoses compos\u00e9es [&hellip;]<\/p>\n<p><a href=\"https:\/\/www.boreades.com\/en\/diffuseurs\/colpron-solo\/\" class=\"more-link style1-button\">Read More<\/a><\/p>","protected":false},"author":5,"featured_media":0,"parent":3420,"menu_order":0,"comment_status":"closed","ping_status":"closed","template":"full_width.php","meta":{"footnotes":""},"class_list":["post-3445","page","type-page","status-publish","hentry"],"yoast_head":"<!-- This site is optimized with the Yoast SEO plugin v27.3 - https:\/\/yoast.com\/product\/yoast-seo-wordpress\/ -->\n<title>Colpron solo - Les Bor\u00e9ades de Montr\u00e9al<\/title>\n<meta name=\"robots\" content=\"index, follow, max-snippet:-1, max-image-preview:large, max-video-preview:-1\" \/>\n<link rel=\"canonical\" href=\"https:\/\/www.boreades.com\/en\/diffuseurs\/colpron-solo\/\" \/>\n<meta property=\"og:locale\" content=\"en_US\" \/>\n<meta property=\"og:type\" content=\"article\" \/>\n<meta property=\"og:title\" content=\"Colpron solo - Les Bor\u00e9ades de Montr\u00e9al\" \/>\n<meta property=\"og:description\" content=\"[vc_row css_animation=&#8221;&#8221; row_type=&#8221;row&#8221; use_row_as_full_screen_section=&#8221;no&#8221; type=&#8221;grid&#8221; angled_section=&#8221;no&#8221; text_align=&#8221;left&#8221; background_image_as_pattern=&#8221;without_pattern&#8221; z_index=&#8221;&#8221; padding_top=&#8221;64&#8243;][vc_column width=&#8221;1\/6&#8243;][\/vc_column][vc_column width=&#8221;2\/3&#8243;][vc_column_text] Francis Colpron, directeur artistique de l&#8217;ensemble Les Bor\u00e9ades, interpr\u00e8te \u00e0 la fl\u00fbte \u00e0\u00a0bec des transcriptions d\u2019\u0153uvres virtuoses compos\u00e9es [&hellip;]\" \/>\n<meta property=\"og:url\" content=\"https:\/\/www.boreades.com\/en\/diffuseurs\/colpron-solo\/\" \/>\n<meta property=\"og:site_name\" content=\"Les Bor\u00e9ades de Montr\u00e9al\" \/>\n<meta property=\"article:publisher\" content=\"https:\/\/www.facebook.com\/boreades.demontreal\" \/>\n<meta property=\"article:modified_time\" content=\"2019-11-11T16:55:20+00:00\" \/>\n<meta property=\"og:image\" content=\"https:\/\/www.boreades.com\/wp-content\/uploads\/2019\/10\/les-boreades-montreal-orchestre-baroque-web.jpg\" \/>\n\t<meta property=\"og:image:width\" content=\"2048\" \/>\n\t<meta property=\"og:image:height\" content=\"1366\" \/>\n\t<meta property=\"og:image:type\" content=\"image\/jpeg\" \/>\n<meta name=\"twitter:card\" content=\"summary_large_image\" \/>\n<meta name=\"twitter:site\" content=\"@LesBoreades\" \/>\n<meta name=\"twitter:label1\" content=\"Est. reading time\" \/>\n\t<meta name=\"twitter:data1\" content=\"3 minutes\" \/>\n<script type=\"application\/ld+json\" class=\"yoast-schema-graph\">{\"@context\":\"https:\\\/\\\/schema.org\",\"@graph\":[{\"@type\":\"WebPage\",\"@id\":\"https:\\\/\\\/www.boreades.com\\\/en\\\/diffuseurs\\\/colpron-solo\\\/\",\"url\":\"https:\\\/\\\/www.boreades.com\\\/en\\\/diffuseurs\\\/colpron-solo\\\/\",\"name\":\"Colpron solo - Les Bor\u00e9ades de Montr\u00e9al\",\"isPartOf\":{\"@id\":\"https:\\\/\\\/www.boreades.com\\\/en\\\/#website\"},\"datePublished\":\"2015-11-07T22:08:21+00:00\",\"dateModified\":\"2019-11-11T16:55:20+00:00\",\"breadcrumb\":{\"@id\":\"https:\\\/\\\/www.boreades.com\\\/en\\\/diffuseurs\\\/colpron-solo\\\/#breadcrumb\"},\"inLanguage\":\"en-US\",\"potentialAction\":[{\"@type\":\"ReadAction\",\"target\":[\"https:\\\/\\\/www.boreades.com\\\/en\\\/diffuseurs\\\/colpron-solo\\\/\"]}]},{\"@type\":\"BreadcrumbList\",\"@id\":\"https:\\\/\\\/www.boreades.com\\\/en\\\/diffuseurs\\\/colpron-solo\\\/#breadcrumb\",\"itemListElement\":[{\"@type\":\"ListItem\",\"position\":1,\"name\":\"Accueil\",\"item\":\"https:\\\/\\\/www.boreades.com\\\/en\\\/\"},{\"@type\":\"ListItem\",\"position\":2,\"name\":\"Diffuseurs\",\"item\":\"https:\\\/\\\/www.boreades.com\\\/en\\\/diffuseurs\\\/\"},{\"@type\":\"ListItem\",\"position\":3,\"name\":\"Colpron solo\"}]},{\"@type\":\"WebSite\",\"@id\":\"https:\\\/\\\/www.boreades.com\\\/en\\\/#website\",\"url\":\"https:\\\/\\\/www.boreades.com\\\/en\\\/\",\"name\":\"Les Bor\u00e9ades de Montr\u00e9al\",\"description\":\"C&#039;est baroque\",\"publisher\":{\"@id\":\"https:\\\/\\\/www.boreades.com\\\/en\\\/#organization\"},\"potentialAction\":[{\"@type\":\"SearchAction\",\"target\":{\"@type\":\"EntryPoint\",\"urlTemplate\":\"https:\\\/\\\/www.boreades.com\\\/en\\\/?s={search_term_string}\"},\"query-input\":{\"@type\":\"PropertyValueSpecification\",\"valueRequired\":true,\"valueName\":\"search_term_string\"}}],\"inLanguage\":\"en-US\"},{\"@type\":\"Organization\",\"@id\":\"https:\\\/\\\/www.boreades.com\\\/en\\\/#organization\",\"name\":\"Les Bor\u00e9ades de Montr\u00e9al\",\"url\":\"https:\\\/\\\/www.boreades.com\\\/en\\\/\",\"logo\":{\"@type\":\"ImageObject\",\"inLanguage\":\"en-US\",\"@id\":\"https:\\\/\\\/www.boreades.com\\\/en\\\/#\\\/schema\\\/logo\\\/image\\\/\",\"url\":\"https:\\\/\\\/www.boreades.com\\\/wp-content\\\/uploads\\\/2019\\\/05\\\/les-boreades-montreal-orchestre-1200x800.jpg\",\"contentUrl\":\"https:\\\/\\\/www.boreades.com\\\/wp-content\\\/uploads\\\/2019\\\/05\\\/les-boreades-montreal-orchestre-1200x800.jpg\",\"width\":1200,\"height\":800,\"caption\":\"Les Bor\u00e9ades de Montr\u00e9al\"},\"image\":{\"@id\":\"https:\\\/\\\/www.boreades.com\\\/en\\\/#\\\/schema\\\/logo\\\/image\\\/\"},\"sameAs\":[\"https:\\\/\\\/www.facebook.com\\\/boreades.demontreal\",\"https:\\\/\\\/x.com\\\/LesBoreades\",\"https:\\\/\\\/www.youtube.com\\\/user\\\/BoreadesDeMontreal\",\"https:\\\/\\\/fr.wikipedia.org\\\/wiki\\\/Les_Bor\u00e9ades_de_Montr\u00e9al\"]}]}<\/script>\n<!-- \/ Yoast SEO plugin. -->","yoast_head_json":{"title":"Colpron solo - Les Bor\u00e9ades de Montr\u00e9al","robots":{"index":"index","follow":"follow","max-snippet":"max-snippet:-1","max-image-preview":"max-image-preview:large","max-video-preview":"max-video-preview:-1"},"canonical":"https:\/\/www.boreades.com\/en\/diffuseurs\/colpron-solo\/","og_locale":"en_US","og_type":"article","og_title":"Colpron solo - Les Bor\u00e9ades de Montr\u00e9al","og_description":"[vc_row css_animation=&#8221;&#8221; row_type=&#8221;row&#8221; use_row_as_full_screen_section=&#8221;no&#8221; type=&#8221;grid&#8221; angled_section=&#8221;no&#8221; text_align=&#8221;left&#8221; background_image_as_pattern=&#8221;without_pattern&#8221; z_index=&#8221;&#8221; padding_top=&#8221;64&#8243;][vc_column width=&#8221;1\/6&#8243;][\/vc_column][vc_column width=&#8221;2\/3&#8243;][vc_column_text] Francis Colpron, directeur artistique de l&#8217;ensemble Les Bor\u00e9ades, interpr\u00e8te \u00e0 la fl\u00fbte \u00e0\u00a0bec des transcriptions d\u2019\u0153uvres virtuoses compos\u00e9es [&hellip;]","og_url":"https:\/\/www.boreades.com\/en\/diffuseurs\/colpron-solo\/","og_site_name":"Les Bor\u00e9ades de Montr\u00e9al","article_publisher":"https:\/\/www.facebook.com\/boreades.demontreal","article_modified_time":"2019-11-11T16:55:20+00:00","og_image":[{"width":2048,"height":1366,"url":"https:\/\/www.boreades.com\/wp-content\/uploads\/2019\/10\/les-boreades-montreal-orchestre-baroque-web.jpg","type":"image\/jpeg"}],"twitter_card":"summary_large_image","twitter_site":"@LesBoreades","twitter_misc":{"Est. reading time":"3 minutes"},"schema":{"@context":"https:\/\/schema.org","@graph":[{"@type":"WebPage","@id":"https:\/\/www.boreades.com\/en\/diffuseurs\/colpron-solo\/","url":"https:\/\/www.boreades.com\/en\/diffuseurs\/colpron-solo\/","name":"Colpron solo - Les Bor\u00e9ades de Montr\u00e9al","isPartOf":{"@id":"https:\/\/www.boreades.com\/en\/#website"},"datePublished":"2015-11-07T22:08:21+00:00","dateModified":"2019-11-11T16:55:20+00:00","breadcrumb":{"@id":"https:\/\/www.boreades.com\/en\/diffuseurs\/colpron-solo\/#breadcrumb"},"inLanguage":"en-US","potentialAction":[{"@type":"ReadAction","target":["https:\/\/www.boreades.com\/en\/diffuseurs\/colpron-solo\/"]}]},{"@type":"BreadcrumbList","@id":"https:\/\/www.boreades.com\/en\/diffuseurs\/colpron-solo\/#breadcrumb","itemListElement":[{"@type":"ListItem","position":1,"name":"Accueil","item":"https:\/\/www.boreades.com\/en\/"},{"@type":"ListItem","position":2,"name":"Diffuseurs","item":"https:\/\/www.boreades.com\/en\/diffuseurs\/"},{"@type":"ListItem","position":3,"name":"Colpron solo"}]},{"@type":"WebSite","@id":"https:\/\/www.boreades.com\/en\/#website","url":"https:\/\/www.boreades.com\/en\/","name":"Les Bor\u00e9ades de Montr\u00e9al","description":"C&#039;est baroque","publisher":{"@id":"https:\/\/www.boreades.com\/en\/#organization"},"potentialAction":[{"@type":"SearchAction","target":{"@type":"EntryPoint","urlTemplate":"https:\/\/www.boreades.com\/en\/?s={search_term_string}"},"query-input":{"@type":"PropertyValueSpecification","valueRequired":true,"valueName":"search_term_string"}}],"inLanguage":"en-US"},{"@type":"Organization","@id":"https:\/\/www.boreades.com\/en\/#organization","name":"Les Bor\u00e9ades de Montr\u00e9al","url":"https:\/\/www.boreades.com\/en\/","logo":{"@type":"ImageObject","inLanguage":"en-US","@id":"https:\/\/www.boreades.com\/en\/#\/schema\/logo\/image\/","url":"https:\/\/www.boreades.com\/wp-content\/uploads\/2019\/05\/les-boreades-montreal-orchestre-1200x800.jpg","contentUrl":"https:\/\/www.boreades.com\/wp-content\/uploads\/2019\/05\/les-boreades-montreal-orchestre-1200x800.jpg","width":1200,"height":800,"caption":"Les Bor\u00e9ades de Montr\u00e9al"},"image":{"@id":"https:\/\/www.boreades.com\/en\/#\/schema\/logo\/image\/"},"sameAs":["https:\/\/www.facebook.com\/boreades.demontreal","https:\/\/x.com\/LesBoreades","https:\/\/www.youtube.com\/user\/BoreadesDeMontreal","https:\/\/fr.wikipedia.org\/wiki\/Les_Bor\u00e9ades_de_Montr\u00e9al"]}]}},"_links":{"self":[{"href":"https:\/\/www.boreades.com\/en\/wp-json\/wp\/v2\/pages\/3445","targetHints":{"allow":["GET"]}}],"collection":[{"href":"https:\/\/www.boreades.com\/en\/wp-json\/wp\/v2\/pages"}],"about":[{"href":"https:\/\/www.boreades.com\/en\/wp-json\/wp\/v2\/types\/page"}],"author":[{"embeddable":true,"href":"https:\/\/www.boreades.com\/en\/wp-json\/wp\/v2\/users\/5"}],"replies":[{"embeddable":true,"href":"https:\/\/www.boreades.com\/en\/wp-json\/wp\/v2\/comments?post=3445"}],"version-history":[{"count":13,"href":"https:\/\/www.boreades.com\/en\/wp-json\/wp\/v2\/pages\/3445\/revisions"}],"predecessor-version":[{"id":14649,"href":"https:\/\/www.boreades.com\/en\/wp-json\/wp\/v2\/pages\/3445\/revisions\/14649"}],"up":[{"embeddable":true,"href":"https:\/\/www.boreades.com\/en\/wp-json\/wp\/v2\/pages\/3420"}],"wp:attachment":[{"href":"https:\/\/www.boreades.com\/en\/wp-json\/wp\/v2\/media?parent=3445"}],"curies":[{"name":"wp","href":"https:\/\/api.w.org\/{rel}","templated":true}]}}