{"id":6638,"date":"2004-05-01T23:13:21","date_gmt":"2004-05-02T03:13:21","guid":{"rendered":"https:\/\/www.boreades.com\/product\/dieupart-les-six-suites-2\/"},"modified":"2016-09-21T21:45:12","modified_gmt":"2016-09-22T01:45:12","slug":"dieupart-les-six-suites-2","status":"publish","type":"product","link":"https:\/\/www.boreades.com\/en\/product\/dieupart-les-six-suites-2\/","title":{"rendered":"Dieupart: Les Six Suites"},"content":{"rendered":"<h3>WORKS<\/h3>\n<p>Charles Fran\u00e7ois Dieupart<\/p>\n<p>&nbsp;<\/p>\n<h3>PERFORMED By<\/h3>\n<h4>Les Bor\u00e9ades de Montr\u00e9al<\/h4>\n<p>Francis Colpron<br \/>\nSusie Napper<br \/>\nSkip Semp\u00e9<\/p>\n<p>&nbsp;<\/p>\n<p>\u00abLes [Suites] de Dieupart \u00e9galent en valeur les meilleures productions des grands ma\u00eetres du d\u00e9but du XVIIIe si\u00e8cle, aux c\u00f4t\u00e9s desquelles elles doivent reprendre place.\u00bb &#8211; Paul Brunold, 1934<\/p>\n<p>&nbsp;<\/p>\n<p>Enregistrement et r\u00e9alisation: Johanne Goyette, \u00c9glise St-Alphonse, St-Alphonse de Rodriguez (Qu\u00e9bec) 15, 16, 17 avril 2001<\/p>\n","protected":false},"excerpt":{"rendered":"<p><iframe data-src=\"https:\/\/w.soundcloud.com\/player\/?url=https%3A\/\/api.soundcloud.com\/playlists\/261240827&amp;color=804fe0&amp;auto_play=false&amp;hide_related=false&amp;show_comments=true&amp;show_user=true&amp;show_reposts=false\" width=\"100%\" height=\"400\" frameborder=\"no\" scrolling=\"no\" src=\"data:image\/svg+xml;base64,PHN2ZyB3aWR0aD0iMSIgaGVpZ2h0PSIxIiB4bWxucz0iaHR0cDovL3d3dy53My5vcmcvMjAwMC9zdmciPjwvc3ZnPg==\" class=\"lazyload\" data-load-mode=\"1\"><\/iframe><\/p>\n<p><a href=\"https:\/\/www.boreades.com\/en\/product\/dieupart-les-six-suites-2\/\" class=\"more-link style1-button\">Read More<\/a><\/p>","protected":false},"featured_media":4999,"comment_status":"open","ping_status":"closed","template":"","meta":[],"product_brand":[],"product_cat":[74],"product_tag":[],"class_list":{"0":"post-6638","1":"product","2":"type-product","3":"status-publish","4":"has-post-thumbnail","6":"product_cat-recordings","7":"product_shipping_class-enveloppe-box","9":"first","10":"instock","11":"shipping-taxable","12":"purchasable","13":"product-type-simple"},"yoast_head":"<!-- This site is optimized with the Yoast SEO plugin v27.3 - https:\/\/yoast.com\/product\/yoast-seo-wordpress\/ -->\n<title>Dieupart: Les Six Suites - Les Bor\u00e9ades de Montr\u00e9al<\/title>\n<meta name=\"robots\" content=\"index, follow, max-snippet:-1, max-image-preview:large, max-video-preview:-1\" \/>\n<link rel=\"canonical\" href=\"https:\/\/www.boreades.com\/en\/product\/dieupart-les-six-suites-2\/\" \/>\n<meta property=\"og:locale\" content=\"en_US\" \/>\n<meta property=\"og:type\" content=\"article\" \/>\n<meta property=\"og:title\" content=\"Dieupart: Les Six Suites - Les Bor\u00e9ades de Montr\u00e9al\" \/>\n<meta property=\"og:url\" content=\"https:\/\/www.boreades.com\/en\/product\/dieupart-les-six-suites-2\/\" \/>\n<meta property=\"og:site_name\" content=\"Les Bor\u00e9ades de Montr\u00e9al\" \/>\n<meta property=\"article:publisher\" content=\"https:\/\/www.facebook.com\/boreades.demontreal\" \/>\n<meta property=\"article:modified_time\" content=\"2016-09-22T01:45:12+00:00\" \/>\n<meta property=\"og:image\" content=\"https:\/\/www.boreades.com\/wp-content\/uploads\/2016\/02\/Dieupart-Bor\u00e9ades-1.jpg\" \/>\n\t<meta property=\"og:image:width\" content=\"456\" \/>\n\t<meta property=\"og:image:height\" content=\"456\" \/>\n\t<meta property=\"og:image:type\" content=\"image\/jpeg\" \/>\n<meta name=\"twitter:card\" content=\"summary_large_image\" \/>\n<meta name=\"twitter:site\" content=\"@LesBoreades\" \/>\n<script type=\"application\/ld+json\" class=\"yoast-schema-graph\">{\"@context\":\"https:\\\/\\\/schema.org\",\"@graph\":[{\"@type\":\"WebPage\",\"@id\":\"https:\\\/\\\/www.boreades.com\\\/en\\\/product\\\/dieupart-les-six-suites-2\\\/\",\"url\":\"https:\\\/\\\/www.boreades.com\\\/en\\\/product\\\/dieupart-les-six-suites-2\\\/\",\"name\":\"Dieupart: Les Six Suites - Les Bor\u00e9ades de Montr\u00e9al\",\"isPartOf\":{\"@id\":\"https:\\\/\\\/www.boreades.com\\\/en\\\/#website\"},\"primaryImageOfPage\":{\"@id\":\"https:\\\/\\\/www.boreades.com\\\/en\\\/product\\\/dieupart-les-six-suites-2\\\/#primaryimage\"},\"image\":{\"@id\":\"https:\\\/\\\/www.boreades.com\\\/en\\\/product\\\/dieupart-les-six-suites-2\\\/#primaryimage\"},\"thumbnailUrl\":\"https:\\\/\\\/www.boreades.com\\\/wp-content\\\/uploads\\\/2016\\\/02\\\/Dieupart-Bor\u00e9ades-1.jpg\",\"datePublished\":\"2004-05-02T03:13:21+00:00\",\"dateModified\":\"2016-09-22T01:45:12+00:00\",\"breadcrumb\":{\"@id\":\"https:\\\/\\\/www.boreades.com\\\/en\\\/product\\\/dieupart-les-six-suites-2\\\/#breadcrumb\"},\"inLanguage\":\"en-US\",\"potentialAction\":[{\"@type\":\"ReadAction\",\"target\":[\"https:\\\/\\\/www.boreades.com\\\/en\\\/product\\\/dieupart-les-six-suites-2\\\/\"]}]},{\"@type\":\"ImageObject\",\"inLanguage\":\"en-US\",\"@id\":\"https:\\\/\\\/www.boreades.com\\\/en\\\/product\\\/dieupart-les-six-suites-2\\\/#primaryimage\",\"url\":\"https:\\\/\\\/www.boreades.com\\\/wp-content\\\/uploads\\\/2016\\\/02\\\/Dieupart-Bor\u00e9ades-1.jpg\",\"contentUrl\":\"https:\\\/\\\/www.boreades.com\\\/wp-content\\\/uploads\\\/2016\\\/02\\\/Dieupart-Bor\u00e9ades-1.jpg\",\"width\":456,\"height\":456},{\"@type\":\"BreadcrumbList\",\"@id\":\"https:\\\/\\\/www.boreades.com\\\/en\\\/product\\\/dieupart-les-six-suites-2\\\/#breadcrumb\",\"itemListElement\":[{\"@type\":\"ListItem\",\"position\":1,\"name\":\"Accueil\",\"item\":\"https:\\\/\\\/www.boreades.com\\\/en\\\/\"},{\"@type\":\"ListItem\",\"position\":2,\"name\":\"Shop\",\"item\":\"https:\\\/\\\/www.boreades.com\\\/en\\\/shop\\\/\"},{\"@type\":\"ListItem\",\"position\":3,\"name\":\"Dieupart: Les Six Suites\"}]},{\"@type\":\"WebSite\",\"@id\":\"https:\\\/\\\/www.boreades.com\\\/en\\\/#website\",\"url\":\"https:\\\/\\\/www.boreades.com\\\/en\\\/\",\"name\":\"Les Bor\u00e9ades de Montr\u00e9al\",\"description\":\"C&#039;est baroque\",\"publisher\":{\"@id\":\"https:\\\/\\\/www.boreades.com\\\/en\\\/#organization\"},\"potentialAction\":[{\"@type\":\"SearchAction\",\"target\":{\"@type\":\"EntryPoint\",\"urlTemplate\":\"https:\\\/\\\/www.boreades.com\\\/en\\\/?s={search_term_string}\"},\"query-input\":{\"@type\":\"PropertyValueSpecification\",\"valueRequired\":true,\"valueName\":\"search_term_string\"}}],\"inLanguage\":\"en-US\"},{\"@type\":\"Organization\",\"@id\":\"https:\\\/\\\/www.boreades.com\\\/en\\\/#organization\",\"name\":\"Les Bor\u00e9ades de Montr\u00e9al\",\"url\":\"https:\\\/\\\/www.boreades.com\\\/en\\\/\",\"logo\":{\"@type\":\"ImageObject\",\"inLanguage\":\"en-US\",\"@id\":\"https:\\\/\\\/www.boreades.com\\\/en\\\/#\\\/schema\\\/logo\\\/image\\\/\",\"url\":\"https:\\\/\\\/www.boreades.com\\\/wp-content\\\/uploads\\\/2019\\\/05\\\/les-boreades-montreal-orchestre-1200x800.jpg\",\"contentUrl\":\"https:\\\/\\\/www.boreades.com\\\/wp-content\\\/uploads\\\/2019\\\/05\\\/les-boreades-montreal-orchestre-1200x800.jpg\",\"width\":1200,\"height\":800,\"caption\":\"Les Bor\u00e9ades de Montr\u00e9al\"},\"image\":{\"@id\":\"https:\\\/\\\/www.boreades.com\\\/en\\\/#\\\/schema\\\/logo\\\/image\\\/\"},\"sameAs\":[\"https:\\\/\\\/www.facebook.com\\\/boreades.demontreal\",\"https:\\\/\\\/x.com\\\/LesBoreades\",\"https:\\\/\\\/www.youtube.com\\\/user\\\/BoreadesDeMontreal\",\"https:\\\/\\\/fr.wikipedia.org\\\/wiki\\\/Les_Bor\u00e9ades_de_Montr\u00e9al\"]}]}<\/script>\n<!-- \/ Yoast SEO plugin. -->","yoast_head_json":{"title":"Dieupart: Les Six Suites - Les Bor\u00e9ades de Montr\u00e9al","robots":{"index":"index","follow":"follow","max-snippet":"max-snippet:-1","max-image-preview":"max-image-preview:large","max-video-preview":"max-video-preview:-1"},"canonical":"https:\/\/www.boreades.com\/en\/product\/dieupart-les-six-suites-2\/","og_locale":"en_US","og_type":"article","og_title":"Dieupart: Les Six Suites - Les Bor\u00e9ades de Montr\u00e9al","og_url":"https:\/\/www.boreades.com\/en\/product\/dieupart-les-six-suites-2\/","og_site_name":"Les Bor\u00e9ades de Montr\u00e9al","article_publisher":"https:\/\/www.facebook.com\/boreades.demontreal","article_modified_time":"2016-09-22T01:45:12+00:00","og_image":[{"width":456,"height":456,"url":"https:\/\/www.boreades.com\/wp-content\/uploads\/2016\/02\/Dieupart-Bor\u00e9ades-1.jpg","type":"image\/jpeg"}],"twitter_card":"summary_large_image","twitter_site":"@LesBoreades","schema":{"@context":"https:\/\/schema.org","@graph":[{"@type":"WebPage","@id":"https:\/\/www.boreades.com\/en\/product\/dieupart-les-six-suites-2\/","url":"https:\/\/www.boreades.com\/en\/product\/dieupart-les-six-suites-2\/","name":"Dieupart: Les Six Suites - Les Bor\u00e9ades de Montr\u00e9al","isPartOf":{"@id":"https:\/\/www.boreades.com\/en\/#website"},"primaryImageOfPage":{"@id":"https:\/\/www.boreades.com\/en\/product\/dieupart-les-six-suites-2\/#primaryimage"},"image":{"@id":"https:\/\/www.boreades.com\/en\/product\/dieupart-les-six-suites-2\/#primaryimage"},"thumbnailUrl":"https:\/\/www.boreades.com\/wp-content\/uploads\/2016\/02\/Dieupart-Bor\u00e9ades-1.jpg","datePublished":"2004-05-02T03:13:21+00:00","dateModified":"2016-09-22T01:45:12+00:00","breadcrumb":{"@id":"https:\/\/www.boreades.com\/en\/product\/dieupart-les-six-suites-2\/#breadcrumb"},"inLanguage":"en-US","potentialAction":[{"@type":"ReadAction","target":["https:\/\/www.boreades.com\/en\/product\/dieupart-les-six-suites-2\/"]}]},{"@type":"ImageObject","inLanguage":"en-US","@id":"https:\/\/www.boreades.com\/en\/product\/dieupart-les-six-suites-2\/#primaryimage","url":"https:\/\/www.boreades.com\/wp-content\/uploads\/2016\/02\/Dieupart-Bor\u00e9ades-1.jpg","contentUrl":"https:\/\/www.boreades.com\/wp-content\/uploads\/2016\/02\/Dieupart-Bor\u00e9ades-1.jpg","width":456,"height":456},{"@type":"BreadcrumbList","@id":"https:\/\/www.boreades.com\/en\/product\/dieupart-les-six-suites-2\/#breadcrumb","itemListElement":[{"@type":"ListItem","position":1,"name":"Accueil","item":"https:\/\/www.boreades.com\/en\/"},{"@type":"ListItem","position":2,"name":"Shop","item":"https:\/\/www.boreades.com\/en\/shop\/"},{"@type":"ListItem","position":3,"name":"Dieupart: Les Six Suites"}]},{"@type":"WebSite","@id":"https:\/\/www.boreades.com\/en\/#website","url":"https:\/\/www.boreades.com\/en\/","name":"Les Bor\u00e9ades de Montr\u00e9al","description":"C&#039;est baroque","publisher":{"@id":"https:\/\/www.boreades.com\/en\/#organization"},"potentialAction":[{"@type":"SearchAction","target":{"@type":"EntryPoint","urlTemplate":"https:\/\/www.boreades.com\/en\/?s={search_term_string}"},"query-input":{"@type":"PropertyValueSpecification","valueRequired":true,"valueName":"search_term_string"}}],"inLanguage":"en-US"},{"@type":"Organization","@id":"https:\/\/www.boreades.com\/en\/#organization","name":"Les Bor\u00e9ades de Montr\u00e9al","url":"https:\/\/www.boreades.com\/en\/","logo":{"@type":"ImageObject","inLanguage":"en-US","@id":"https:\/\/www.boreades.com\/en\/#\/schema\/logo\/image\/","url":"https:\/\/www.boreades.com\/wp-content\/uploads\/2019\/05\/les-boreades-montreal-orchestre-1200x800.jpg","contentUrl":"https:\/\/www.boreades.com\/wp-content\/uploads\/2019\/05\/les-boreades-montreal-orchestre-1200x800.jpg","width":1200,"height":800,"caption":"Les Bor\u00e9ades de Montr\u00e9al"},"image":{"@id":"https:\/\/www.boreades.com\/en\/#\/schema\/logo\/image\/"},"sameAs":["https:\/\/www.facebook.com\/boreades.demontreal","https:\/\/x.com\/LesBoreades","https:\/\/www.youtube.com\/user\/BoreadesDeMontreal","https:\/\/fr.wikipedia.org\/wiki\/Les_Bor\u00e9ades_de_Montr\u00e9al"]}]}},"_links":{"self":[{"href":"https:\/\/www.boreades.com\/en\/wp-json\/wp\/v2\/product\/6638","targetHints":{"allow":["GET"]}}],"collection":[{"href":"https:\/\/www.boreades.com\/en\/wp-json\/wp\/v2\/product"}],"about":[{"href":"https:\/\/www.boreades.com\/en\/wp-json\/wp\/v2\/types\/product"}],"replies":[{"embeddable":true,"href":"https:\/\/www.boreades.com\/en\/wp-json\/wp\/v2\/comments?post=6638"}],"wp:featuredmedia":[{"embeddable":true,"href":"https:\/\/www.boreades.com\/en\/wp-json\/wp\/v2\/media\/4999"}],"wp:attachment":[{"href":"https:\/\/www.boreades.com\/en\/wp-json\/wp\/v2\/media?parent=6638"}],"wp:term":[{"taxonomy":"product_brand","embeddable":true,"href":"https:\/\/www.boreades.com\/en\/wp-json\/wp\/v2\/product_brand?post=6638"},{"taxonomy":"product_cat","embeddable":true,"href":"https:\/\/www.boreades.com\/en\/wp-json\/wp\/v2\/product_cat?post=6638"},{"taxonomy":"product_tag","embeddable":true,"href":"https:\/\/www.boreades.com\/en\/wp-json\/wp\/v2\/product_tag?post=6638"}],"curies":[{"name":"wp","href":"https:\/\/api.w.org\/{rel}","templated":true}]}}